{"id":1334,"date":"2024-01-28T10:35:13","date_gmt":"2024-01-28T09:35:13","guid":{"rendered":"https:\/\/meikeundchristoph.de\/?page_id=1334"},"modified":"2024-01-29T19:40:16","modified_gmt":"2024-01-29T18:40:16","slug":"upload-page","status":"publish","type":"page","link":"https:\/\/meikeundchristoph.de\/?page_id=1334","title":{"rendered":"Upload Page"},"content":{"rendered":"\t\t<div data-elementor-type=\"wp-page\" data-elementor-id=\"1334\" class=\"elementor elementor-1334\">\n\t\t\t\t<div class=\"elementor-element elementor-element-894dc2c e-con-full e-flex e-con e-parent\" data-id=\"894dc2c\" data-element_type=\"container\" data-settings=\"{&quot;background_background&quot;:&quot;classic&quot;,&quot;shape_divider_bottom&quot;:&quot;mountains&quot;}\">\n\t\t\t\t<div class=\"elementor-shape elementor-shape-bottom\" data-negative=\"false\">\n\t\t\t<svg xmlns=\"http:\/\/www.w3.org\/2000\/svg\" viewBox=\"0 0 1000 100\" preserveAspectRatio=\"none\">\n\t<path class=\"elementor-shape-fill\" opacity=\"0.33\" d=\"M473,67.3c-203.9,88.3-263.1-34-320.3,0C66,119.1,0,59.7,0,59.7V0h1000v59.7 c0,0-62.1,26.1-94.9,29.3c-32.8,3.3-62.8-12.3-75.8-22.1C806,49.6,745.3,8.7,694.9,4.7S492.4,59,473,67.3z\"\/>\n\t<path class=\"elementor-shape-fill\" opacity=\"0.66\" d=\"M734,67.3c-45.5,0-77.2-23.2-129.1-39.1c-28.6-8.7-150.3-10.1-254,39.1 s-91.7-34.4-149.2,0C115.7,118.3,0,39.8,0,39.8V0h1000v36.5c0,0-28.2-18.5-92.1-18.5C810.2,18.1,775.7,67.3,734,67.3z\"\/>\n\t<path class=\"elementor-shape-fill\" d=\"M766.1,28.9c-200-57.5-266,65.5-395.1,19.5C242,1.8,242,5.4,184.8,20.6C128,35.8,132.3,44.9,89.9,52.5C28.6,63.7,0,0,0,0 h1000c0,0-9.9,40.9-83.6,48.1S829.6,47,766.1,28.9z\"\/>\n<\/svg>\t\t<\/div>\n\t\t\t\t<div class=\"elementor-element elementor-element-853fab7 elementor-widget elementor-widget-shortcode\" data-id=\"853fab7\" data-element_type=\"widget\" data-widget_type=\"shortcode.default\">\n\t\t\t\t<div class=\"elementor-widget-container\">\n\t\t\t\t\t<div class=\"elementor-shortcode\">\n<div class=\"wpcf7 no-js\" id=\"wpcf7-f1231-o1\" lang=\"de-DE\" dir=\"ltr\">\n<div class=\"screen-reader-response\"><p role=\"status\" aria-live=\"polite\" aria-atomic=\"true\"><\/p> <ul><\/ul><\/div>\n<form action=\"\/index.php?rest_route=%2Fwp%2Fv2%2Fpages%2F1334#wpcf7-f1231-o1\" method=\"post\" class=\"wpcf7-form init\" aria-label=\"Kontaktformular\" novalidate=\"novalidate\" data-status=\"init\">\n<div style=\"display: none;\">\n<input type=\"hidden\" name=\"_wpcf7\" value=\"1231\" \/>\n<input type=\"hidden\" name=\"_wpcf7_version\" value=\"5.9.8\" \/>\n<input type=\"hidden\" name=\"_wpcf7_locale\" value=\"de_DE\" \/>\n<input type=\"hidden\" name=\"_wpcf7_unit_tag\" value=\"wpcf7-f1231-o1\" \/>\n<input type=\"hidden\" name=\"_wpcf7_container_post\" value=\"0\" \/>\n<input type=\"hidden\" name=\"_wpcf7_posted_data_hash\" value=\"\" \/>\n<\/div>\n<html lang=\"de\">\n\t<head>\n <meta charset=\"UTF-8\" \/>\n <meta name=\"viewport\" content=\"width=device-width, initial-scale=1.0\" \/>\n\t\t<title>Kontaktformular\n\t\t<\/title>\n\t\t<style>\n body {\n font-family: 'Marcellus SC', serif;\n text-align: center;\n margin: 0;\n padding: 0;\n }\n\n .container {\n max-width: 600px;\n margin: 0 auto;\n padding: 0 10px; \/* F\u00fcge seitlichen Abstand hinzu *\/\n }\n\n h1 {\n font-family: 'Marcellus SC';\n text-align: center;\n }\n\n p {\n font-size: 18px; \/* Erh\u00f6hte Schriftgr\u00f6\u00dfe *\/\n }\n\n .form-group {\n margin-bottom: 20px;\n text-align: left;\n }\n\n label {\n display: block;\n font-weight: bold;\n font-size: 18px; \/* Erh\u00f6hte Schriftgr\u00f6\u00dfe *\/\n margin-bottom: 5px;\n }\n\n input[type=\"text\"],\n input[type=\"file\"],\n select,\n textarea {\n width: 100%;\n padding: 10px;\n border: 1px solid #ccc;\n border-radius: 5px;\n font-size: 16px; \/* Erh\u00f6hte Schriftgr\u00f6\u00dfe *\/\n box-sizing: border-box; \/* Behalte Padding und Border innerhalb der Breite bei *\/\n margin-bottom: 10px;\n }\n\n input[type=\"file\"] {\n background-color: #FCF8F1;\n }\n\n button {\n background-color: #007BFF;\n color: #fff;\n padding: 10px 20px;\n border: none;\n border-radius: 5px;\n cursor: pointer;\n font-size: 18px; \/* Erh\u00f6hte Schriftgr\u00f6\u00dfe *\/\n }\n\n \/* Media Query f\u00fcr kleinere Bildschirme *\/\n @media (max-width: 600px) {\n .container {\n max-width: 100%; \/* Vollst\u00e4ndige Breite auf kleinen Bildschirmen *\/\n padding: 0 20px; \/* Gr\u00f6\u00dferer seitlicher Abstand auf kleinen Bildschirmen *\/\n }\n\n input[type=\"text\"],\n input[type=\"file\"],\n select,\n textarea {\n width: 100%;\n }\n }\n\t\t<\/style>\n\t<\/head>\n\t<body>\n\t\t<div class=\"container\">\n\t\t\t<h1>Bilder-Upload\n\t\t\t<\/h1>\n\t\t\t<p>Hier k\u00f6nnt ihr eure Partybilder hochladen.\n\t\t\t<\/p>\n\t\t\t<div class=\"form-group\">\n\t\t\t\t<p><label for=\"your-name\">Dein Name<\/label><br \/>\n<span class=\"wpcf7-form-control-wrap\" data-name=\"your-name\"><input size=\"40\" maxlength=\"400\" class=\"wpcf7-form-control wpcf7-text wpcf7-validates-as-required\" aria-required=\"true\" aria-invalid=\"false\" value=\"\" type=\"text\" name=\"your-name\" \/><\/span>\n\t\t\t\t<\/p>\n\t\t\t<\/div>\n\t\t\t<div class=\"form-group\">\n\t\t\t\t<p><label for=\"your-file\">Datei-Upload<\/label><br \/>\n<span class=\"wpcf7-form-control-wrap\" data-name=\"your-file\"><input size=\"40\" class=\"wpcf7-form-control wpcf7-drag-n-drop-file d-none\" aria-required=\"true\" aria-invalid=\"false\" type=\"file\" multiple=\"multiple\" data-name=\"your-file\" data-type=\"jpg|png|img|heif|heic|hevc|pdf|gif|tiff|svg|HEIF|HEIC|HEVC|jpeg|avci|hevc\" data-min=\"1\" data-max=\"20\" data-id=\"1231\" data-version=\"free version 1.3.8.1\" accept=\".jpg, .png, .img, .heif, .heic, .hevc, .pdf, .gif, .tiff, .svg, .HEIF, .HEIC, .HEVC, .jpeg, .avci, .hevc\" \/><\/span>\n\t\t\t\t<\/p>\n\t\t\t<\/div>\n\t\t\t<div class=\"form-group\">\n\t\t\t\t<p><label >Ich stimme der <a href=\"https:\/\/meikeundchristoph.de\/?page_id=1055\"style=\"color: #007BFF; text-decoration: none;\">Datenschutzerkl\u00e4rung<\/a> zu<\/label><br \/>\n<span class=\"wpcf7-form-control-wrap\" data-name=\"Datenschutz\"><span class=\"wpcf7-form-control wpcf7-checkbox wpcf7-validates-as-required\"><span class=\"wpcf7-list-item first last\"><input type=\"checkbox\" name=\"Datenschutz[]\" value=\"Stimme Datenschutz zu\" \/><span class=\"wpcf7-list-item-label\">Stimme Datenschutz zu<\/span><\/span><\/span><\/span>\n\t\t\t\t<\/p>\n\t\t\t<\/div>\n\t\t\t<p><button type=\"submit\">Senden<\/button>\n\t\t\t<\/p>\n\t\t<\/div>\n\t<\/body>\n<\/html><div class=\"wpcf7-response-output\" aria-hidden=\"true\"><\/div>\n<\/form>\n<\/div>\n<\/div>\n\t\t\t\t<\/div>\n\t\t\t\t<\/div>\n\t\t\t\t<\/div>\n\t\t\t\t<\/div>\n\t\t","protected":false},"excerpt":{"rendered":"","protected":false},"author":1,"featured_media":0,"parent":0,"menu_order":0,"comment_status":"closed","ping_status":"closed","template":"","meta":{"ocean_post_layout":"full-screen","ocean_both_sidebars_style":"","ocean_both_sidebars_content_width":0,"ocean_both_sidebars_sidebars_width":0,"ocean_sidebar":"0","ocean_second_sidebar":"0","ocean_disable_margins":"enable","ocean_add_body_class":"","ocean_shortcode_before_top_bar":"","ocean_shortcode_after_top_bar":"","ocean_shortcode_before_header":"","ocean_shortcode_after_header":"","ocean_has_shortcode":"","ocean_shortcode_after_title":"","ocean_shortcode_before_footer_widgets":"","ocean_shortcode_after_footer_widgets":"","ocean_shortcode_before_footer_bottom":"","ocean_shortcode_after_footer_bottom":"","ocean_display_top_bar":"off","ocean_display_header":"default","ocean_header_style":"","ocean_center_header_left_menu":"0","ocean_custom_header_template":"0","ocean_custom_logo":0,"ocean_custom_retina_logo":0,"ocean_custom_logo_max_width":0,"ocean_custom_logo_tablet_max_width":0,"ocean_custom_logo_mobile_max_width":0,"ocean_custom_logo_max_height":0,"ocean_custom_logo_tablet_max_height":0,"ocean_custom_logo_mobile_max_height":0,"ocean_header_custom_menu":"0","ocean_menu_typo_font_family":"0","ocean_menu_typo_font_subset":"","ocean_menu_typo_font_size":0,"ocean_menu_typo_font_size_tablet":0,"ocean_menu_typo_font_size_mobile":0,"ocean_menu_typo_font_size_unit":"px","ocean_menu_typo_font_weight":"","ocean_menu_typo_font_weight_tablet":"","ocean_menu_typo_font_weight_mobile":"","ocean_menu_typo_transform":"","ocean_menu_typo_transform_tablet":"","ocean_menu_typo_transform_mobile":"","ocean_menu_typo_line_height":0,"ocean_menu_typo_line_height_tablet":0,"ocean_menu_typo_line_height_mobile":0,"ocean_menu_typo_line_height_unit":"","ocean_menu_typo_spacing":0,"ocean_menu_typo_spacing_tablet":0,"ocean_menu_typo_spacing_mobile":0,"ocean_menu_typo_spacing_unit":"","ocean_menu_link_color":"","ocean_menu_link_color_hover":"","ocean_menu_link_color_active":"","ocean_menu_link_background":"","ocean_menu_link_hover_background":"","ocean_menu_link_active_background":"","ocean_menu_social_links_bg":"","ocean_menu_social_hover_links_bg":"","ocean_menu_social_links_color":"","ocean_menu_social_hover_links_color":"","ocean_disable_title":"on","ocean_disable_heading":"default","ocean_post_title":"","ocean_post_subheading":"","ocean_post_title_style":"","ocean_post_title_background_color":"","ocean_post_title_background":0,"ocean_post_title_bg_image_position":"","ocean_post_title_bg_image_attachment":"","ocean_post_title_bg_image_repeat":"","ocean_post_title_bg_image_size":"","ocean_post_title_height":0,"ocean_post_title_bg_overlay":0.5,"ocean_post_title_bg_overlay_color":"","ocean_disable_breadcrumbs":"default","ocean_breadcrumbs_color":"","ocean_breadcrumbs_separator_color":"","ocean_breadcrumbs_links_color":"","ocean_breadcrumbs_links_hover_color":"","ocean_display_footer_widgets":"off","ocean_display_footer_bottom":"off","ocean_custom_footer_template":"0","footnotes":""},"class_list":["post-1334","page","type-page","status-publish","hentry","entry"],"_links":{"self":[{"href":"https:\/\/meikeundchristoph.de\/index.php?rest_route=\/wp\/v2\/pages\/1334","targetHints":{"allow":["GET"]}}],"collection":[{"href":"https:\/\/meikeundchristoph.de\/index.php?rest_route=\/wp\/v2\/pages"}],"about":[{"href":"https:\/\/meikeundchristoph.de\/index.php?rest_route=\/wp\/v2\/types\/page"}],"author":[{"embeddable":true,"href":"https:\/\/meikeundchristoph.de\/index.php?rest_route=\/wp\/v2\/users\/1"}],"replies":[{"embeddable":true,"href":"https:\/\/meikeundchristoph.de\/index.php?rest_route=%2Fwp%2Fv2%2Fcomments&post=1334"}],"version-history":[{"count":2,"href":"https:\/\/meikeundchristoph.de\/index.php?rest_route=\/wp\/v2\/pages\/1334\/revisions"}],"predecessor-version":[{"id":1495,"href":"https:\/\/meikeundchristoph.de\/index.php?rest_route=\/wp\/v2\/pages\/1334\/revisions\/1495"}],"wp:attachment":[{"href":"https:\/\/meikeundchristoph.de\/index.php?rest_route=%2Fwp%2Fv2%2Fmedia&parent=1334"}],"curies":[{"name":"wp","href":"https:\/\/api.w.org\/{rel}","templated":true}]}}