{"id":665,"date":"2023-11-09T16:07:03","date_gmt":"2023-11-09T15:07:03","guid":{"rendered":"https:\/\/meikeundchristoph.de\/?page_id=665"},"modified":"2024-01-29T19:36:19","modified_gmt":"2024-01-29T18:36:19","slug":"nur-hochzeit-kontakt","status":"publish","type":"page","link":"https:\/\/meikeundchristoph.de\/?page_id=665","title":{"rendered":"1.4 Nur Hochzeit &#8211; Kontakt"},"content":{"rendered":"\t\t<div data-elementor-type=\"wp-page\" data-elementor-id=\"665\" class=\"elementor elementor-665\">\n\t\t\t\t<div class=\"elementor-element elementor-element-f0540e2 e-flex e-con-boxed e-con e-parent\" data-id=\"f0540e2\" data-element_type=\"container\" data-settings=\"{&quot;background_background&quot;:&quot;classic&quot;}\">\n\t\t\t\t\t<div class=\"e-con-inner\">\n\t\t\t\t<div class=\"elementor-element elementor-element-f589033 elementor-widget elementor-widget-shortcode\" data-id=\"f589033\" data-element_type=\"widget\" data-widget_type=\"shortcode.default\">\n\t\t\t\t<div class=\"elementor-widget-container\">\n\t\t\t\t\t<div class=\"elementor-shortcode\">\n<div class=\"wpcf7 no-js\" id=\"wpcf7-f422-o1\" lang=\"de-DE\" dir=\"ltr\">\n<div class=\"screen-reader-response\"><p role=\"status\" aria-live=\"polite\" aria-atomic=\"true\"><\/p> <ul><\/ul><\/div>\n<form action=\"\/index.php?rest_route=%2Fwp%2Fv2%2Fpages%2F665#wpcf7-f422-o1\" method=\"post\" class=\"wpcf7-form init\" aria-label=\"Kontaktformular\" novalidate=\"novalidate\" data-status=\"init\">\n<div style=\"display: none;\">\n<input type=\"hidden\" name=\"_wpcf7\" value=\"422\" \/>\n<input type=\"hidden\" name=\"_wpcf7_version\" value=\"5.9.8\" \/>\n<input type=\"hidden\" name=\"_wpcf7_locale\" value=\"de_DE\" \/>\n<input type=\"hidden\" name=\"_wpcf7_unit_tag\" value=\"wpcf7-f422-o1\" \/>\n<input type=\"hidden\" name=\"_wpcf7_container_post\" value=\"0\" \/>\n<input type=\"hidden\" name=\"_wpcf7_posted_data_hash\" value=\"\" \/>\n<\/div>\n<p><!DOCTYPE html>\n<\/p>\n<html>\n\t<head>\n\t\t<style>\n body {\n font-family: 'Marcellus SC', serif;\n text-align: center;\n }\n\n .container {\n max-width: 600px;\n margin: 0 auto;\n padding: 0 10px; \/* F\u00fcge seitlichen Abstand hinzu *\/\n }\n\n p {\n text-align: center;\n font-size: 18px; \/* Erh\u00f6hte Schriftgr\u00f6\u00dfe *\/\n }\n\n .form-group {\n margin-bottom: 20px;\n text-align: left;\n }\n\n label {\n font-weight: bold;\n font-size: 18px; \/* Erh\u00f6hte Schriftgr\u00f6\u00dfe *\/\n }\n\n input[type=\"text\"], input[type=\"email\"], select, textarea {\n width: 100%;\n padding: 10px;\n border: 1px solid #ccc;\n border-radius: 5px;\n font-size: 16px; \/* Erh\u00f6hte Schriftgr\u00f6\u00dfe *\/\n }\n\n button {\n background-color: #007BFF;\n color: #fff;\n padding: 10px 20px;\n border: none;\n border-radius: 5px;\n cursor: pointer;\n font-size: 18px; \/* Erh\u00f6hte Schriftgr\u00f6\u00dfe *\/\n }\n\n \/* Media Query f\u00fcr kleinere Bildschirme *\/\n @media (max-width: 600px) {\n .container {\n max-width: 100%; \/* Vollst\u00e4ndige Breite auf kleinen Bildschirmen *\/\n padding: 0 20px; \/* Gr\u00f6\u00dferer seitlicher Abstand auf kleinen Bildschirmen *\/\n }\n\n input[type=\"text\"], input[type=\"email\"], select, textarea {\n width: 100%;\n }\n }\n\t\t<\/style>\n\t<\/head>\n\t<body>\n\t\t<div class=\"container\">\n\t\t\t<h1 style=\"font-family: 'Marcellus SC'; text-align: center;\">Kontaktformular\n\t\t\t<\/h1>\n\t\t\t<p>F\u00fcllen Sie das Formular aus, um uns zu kontaktieren.\n\t\t\t<\/p>\n\t\t\t<div class=\"form-group\">\n\t\t\t\t<p><label for=\"your-name\">Dein Name<\/label><br \/>\n<input type=\"text\" id=\"your-name\" name=\"your-name\" autocomplete=\"name\" \/>\n\t\t\t\t<\/p>\n\t\t\t<\/div>\n\t\t\t<div class=\"form-group\">\n\t\t\t\t<p><label for=\"your-email\">Deine E-Mail-Adresse<\/label><br \/>\n<input type=\"email\" id=\"your-email\" name=\"your-email\" autocomplete=\"email\" \/>\n\t\t\t\t<\/p>\n\t\t\t<\/div>\n\t\t\t<div class=\"form-group\">\n\t\t\t\t<p><label for=\"mailUpdateCheckbox\"><br \/>\nMail-Update<br \/>\nLasse dich \u00fcber alle wichtigen \u00c4nderungen und News auf unserer Homepage per E-Mail informieren.<br \/>\n<select id=\"menu-678\" name=\"menu-678\">\n <option value=\"\"><\/option>\n <option value=\"Anmelden\">Anmeldung<\/option>\n <\/select><br \/>\n<\/label>\n\t\t\t\t<\/p>\n\t\t\t<\/div>\n\t\t\t<div class=\"form-group\">\n\t\t\t\t<p><label for=\"menu-679\">Betreff<\/label><br \/>\n<select id=\"menu-679\" name=\"menu-679\">\n <option value=\"Liederwunsch\">Liederwunsch<\/option>\n <option value=\"Abmeldung\">Abmeldung<\/option>\n <option value=\"Sonstiges\">Sonstiges<\/option>\n <\/select>\n\t\t\t\t<\/p>\n\t\t\t<\/div>\n\t\t\t<div class=\"form-group\">\n\t\t\t\t<p><label for=\"your-message\">Deine Nachricht (optional)<\/label><br \/>\n<textarea id=\"your-message\" name=\"your-message\"><\/textarea>\n\t\t\t\t<\/p>\n\t\t\t<\/div>\n\t\t\t<p><button type=\"submit\">Senden<\/button>\n\t\t\t<\/p>\n\t\t<\/div>\n\t<\/body>\n<\/html><div class=\"wpcf7-response-output\" aria-hidden=\"true\"><\/div>\n<\/form>\n<\/div>\n<\/div>\n\t\t\t\t<\/div>\n\t\t\t\t<\/div>\n\t\t\t\t\t<\/div>\n\t\t\t\t<\/div>\n\t\t\t\t<\/div>\n\t\t","protected":false},"excerpt":{"rendered":"","protected":false},"author":1,"featured_media":0,"parent":0,"menu_order":0,"comment_status":"closed","ping_status":"closed","template":"","meta":{"ocean_post_layout":"full-screen","ocean_both_sidebars_style":"","ocean_both_sidebars_content_width":0,"ocean_both_sidebars_sidebars_width":0,"ocean_sidebar":"0","ocean_second_sidebar":"0","ocean_disable_margins":"enable","ocean_add_body_class":"","ocean_shortcode_before_top_bar":"","ocean_shortcode_after_top_bar":"","ocean_shortcode_before_header":"","ocean_shortcode_after_header":"","ocean_has_shortcode":"","ocean_shortcode_after_title":"","ocean_shortcode_before_footer_widgets":"","ocean_shortcode_after_footer_widgets":"","ocean_shortcode_before_footer_bottom":"","ocean_shortcode_after_footer_bottom":"","ocean_display_top_bar":"off","ocean_display_header":"default","ocean_header_style":"","ocean_center_header_left_menu":"0","ocean_custom_header_template":"0","ocean_custom_logo":0,"ocean_custom_retina_logo":0,"ocean_custom_logo_max_width":0,"ocean_custom_logo_tablet_max_width":0,"ocean_custom_logo_mobile_max_width":0,"ocean_custom_logo_max_height":0,"ocean_custom_logo_tablet_max_height":0,"ocean_custom_logo_mobile_max_height":0,"ocean_header_custom_menu":"0","ocean_menu_typo_font_family":"0","ocean_menu_typo_font_subset":"","ocean_menu_typo_font_size":0,"ocean_menu_typo_font_size_tablet":0,"ocean_menu_typo_font_size_mobile":0,"ocean_menu_typo_font_size_unit":"px","ocean_menu_typo_font_weight":"","ocean_menu_typo_font_weight_tablet":"","ocean_menu_typo_font_weight_mobile":"","ocean_menu_typo_transform":"","ocean_menu_typo_transform_tablet":"","ocean_menu_typo_transform_mobile":"","ocean_menu_typo_line_height":0,"ocean_menu_typo_line_height_tablet":0,"ocean_menu_typo_line_height_mobile":0,"ocean_menu_typo_line_height_unit":"","ocean_menu_typo_spacing":0,"ocean_menu_typo_spacing_tablet":0,"ocean_menu_typo_spacing_mobile":0,"ocean_menu_typo_spacing_unit":"","ocean_menu_link_color":"","ocean_menu_link_color_hover":"","ocean_menu_link_color_active":"","ocean_menu_link_background":"","ocean_menu_link_hover_background":"","ocean_menu_link_active_background":"","ocean_menu_social_links_bg":"","ocean_menu_social_hover_links_bg":"","ocean_menu_social_links_color":"","ocean_menu_social_hover_links_color":"","ocean_disable_title":"on","ocean_disable_heading":"default","ocean_post_title":"","ocean_post_subheading":"","ocean_post_title_style":"","ocean_post_title_background_color":"","ocean_post_title_background":0,"ocean_post_title_bg_image_position":"","ocean_post_title_bg_image_attachment":"","ocean_post_title_bg_image_repeat":"","ocean_post_title_bg_image_size":"","ocean_post_title_height":0,"ocean_post_title_bg_overlay":0.5,"ocean_post_title_bg_overlay_color":"","ocean_disable_breadcrumbs":"default","ocean_breadcrumbs_color":"","ocean_breadcrumbs_separator_color":"","ocean_breadcrumbs_links_color":"","ocean_breadcrumbs_links_hover_color":"","ocean_display_footer_widgets":"off","ocean_display_footer_bottom":"off","ocean_custom_footer_template":"0","footnotes":""},"class_list":["post-665","page","type-page","status-publish","hentry","entry"],"_links":{"self":[{"href":"https:\/\/meikeundchristoph.de\/index.php?rest_route=\/wp\/v2\/pages\/665","targetHints":{"allow":["GET"]}}],"collection":[{"href":"https:\/\/meikeundchristoph.de\/index.php?rest_route=\/wp\/v2\/pages"}],"about":[{"href":"https:\/\/meikeundchristoph.de\/index.php?rest_route=\/wp\/v2\/types\/page"}],"author":[{"embeddable":true,"href":"https:\/\/meikeundchristoph.de\/index.php?rest_route=\/wp\/v2\/users\/1"}],"replies":[{"embeddable":true,"href":"https:\/\/meikeundchristoph.de\/index.php?rest_route=%2Fwp%2Fv2%2Fcomments&post=665"}],"version-history":[{"count":2,"href":"https:\/\/meikeundchristoph.de\/index.php?rest_route=\/wp\/v2\/pages\/665\/revisions"}],"predecessor-version":[{"id":1068,"href":"https:\/\/meikeundchristoph.de\/index.php?rest_route=\/wp\/v2\/pages\/665\/revisions\/1068"}],"wp:attachment":[{"href":"https:\/\/meikeundchristoph.de\/index.php?rest_route=%2Fwp%2Fv2%2Fmedia&parent=665"}],"curies":[{"name":"wp","href":"https:\/\/api.w.org\/{rel}","templated":true}]}}